{"id":1473,"date":"2024-01-10T20:19:24","date_gmt":"2024-01-10T20:19:24","guid":{"rendered":"https:\/\/astralcliniklab.ro\/?page_id=1473"},"modified":"2024-01-10T20:20:32","modified_gmt":"2024-01-10T20:20:32","slug":"politica-cookies","status":"publish","type":"page","link":"https:\/\/astralcliniklab.ro\/index.php\/politica-cookies\/","title":{"rendered":"Politica Cookies"},"content":{"rendered":"\t\t<div data-elementor-type=\"wp-page\" data-elementor-id=\"1473\" class=\"elementor elementor-1473\" data-elementor-post-type=\"page\">\n\t\t\t\t\t\t<section data-particle_enable=\"false\" data-particle-mobile-disabled=\"false\" class=\"elementor-section elementor-top-section elementor-element elementor-element-c1d7e7e elementor-section-boxed elementor-section-height-default elementor-section-height-default\" data-id=\"c1d7e7e\" data-element_type=\"section\" data-e-type=\"section\">\n\t\t\t\t\t\t<div class=\"elementor-container elementor-column-gap-default\">\n\t\t\t\t\t<div class=\"elementor-column elementor-col-100 elementor-top-column elementor-element elementor-element-e719d43\" data-id=\"e719d43\" data-element_type=\"column\" data-e-type=\"column\">\n\t\t\t<div class=\"elementor-widget-wrap elementor-element-populated\">\n\t\t\t\t\t\t<div class=\"elementor-element elementor-element-996795c elementor-widget elementor-widget-text-editor\" data-id=\"996795c\" data-element_type=\"widget\" data-e-type=\"widget\" data-widget_type=\"text-editor.default\">\n\t\t\t\t<div class=\"elementor-widget-container\">\n\t\t\t\t\t\t\t\t\t<h1>Politica de cookie-uri<\/h1><p>\u00a0<\/p><p>Un cookie este un fi\u015fier text care con\u0163ine mici fragmente de informa\u0163ii trimise navigatorului t\u0103u \u015fi memorate \u00een computerul, telefonul t\u0103u mobil sau alt dispozitiv, atunci c\u00e2nd vizitezi un site. Acest fi\u015fier cookie trimite informa\u0163ii \u00eenapoi c\u0103tre site ori de c\u00e2te ori \u00eel revizitezi.<\/p><p>Cookie-urile pot fi\u00a0<strong>permanente<\/strong>\u00a0(cunoscute drept cookie-uri persistente), care r\u0103m\u00e2n \u00een computerul t\u0103u p\u00e2n\u0103 c\u00e2nd le \u015ftergi, sau\u00a0<strong>temporare<\/strong>\u00a0(cunoscute drept cookie-uri pentru sesiune) care sunt valabile doar p\u00e2n\u0103 c\u00e2nd \u00eenchizi fereastra navigatorului t\u0103u. Cookie-urile pot fi ale p\u0103r\u0163ii-gazd\u0103 (first-party), care sunt configurate de site-ul pe care \u00eel vizitezi, sau ale unor p\u0103r\u0163i ter\u0163e, care sunt configurate de un site diferit de cel pe care \u00eel vizitezi.<\/p><p>Cum utilizeaza\u00a0<strong>Astral Clinik Lab<\/strong>\u00a0cookie-urile?<\/p><p>Utiliz\u0103m cookie-urile pentru a \u00eembun\u0103t\u0103\u0163i func\u0163ionalitatea site-urilor noastre, pentru a te ajuta s\u0103 navighezi mai eficient de la o pagin\u0103 la alta, pentru a memora preferin\u0163ele tale \u015fi, \u00een general, pentru a \u00eembun\u0103t\u0103\u0163i experien\u0163a utilizatorilor. Cookie-urile pe care le folosim pe site-urile noastre pot fi din urm\u0103toarele categorii:<\/p><ul><li><strong>Cookie-uri strict necesare:<\/strong><\/li><\/ul><p>Aceste cookie-uri sunt esen\u0163iale pentru ca tu s\u0103 po\u0163i naviga pe site \u015fi s\u0103 folose\u015fti serviciile pe care le-ai solicitat, cum ar fi accesarea zonelor sigure ale site-ului.<\/p><p>Folosim acest tip de cookie-uri pentru a administra \u00eenregistrarea \u015fi autentificarea utilizatorului. F\u0103r\u0103 aceste cookie-uri, serviciile pe care le-ai solicitat nu pot fi furnizate. Aceste cookie-uri sunt ale p\u0103r\u0163ii-gazd\u0103 (first-party) \u015fi pot fi permanente sau temporare. Pe scurt, site-urile noastre nu vor func\u0163iona corespunz\u0103tor f\u0103r\u0103 aceste cookie-uri.<\/p><ul><li><strong>Cookie-uri pentru performan\u0163\u0103:<\/strong><\/li><\/ul><p>Aceste cookie-uri colecteaz\u0103 informa\u0163ii despre cum utilizeaz\u0103 vizitatorii un site, de exemplu care sunt paginile cele mai vizitate. Aceste cookie-uri nu colecteaz\u0103 informa\u0163ii care identific\u0103 vizitatori individuali. Toate informa\u0163iile colectate de aceste cookie-uri sunt cumulate \u015fi anonime.<\/p><p>Folosim aceste cookie-uri pentru a:<\/p><p>realiza statistici despre cum sunt utilizate site-urile noastre<\/p><p>m\u0103sura impactul campaniilor noastre publicitare.<\/p><p>Aceste cookie-uri pot fi permanente sau temporare, ale p\u0103r\u0163ii-gazd\u0103 sau ale unor p\u0103r\u0163i ter\u0163e. Pe scurt, aceste cookie-uri colecteaz\u0103 informa\u0163ii anonime despre paginile vizitate \u015fi reclamele vizualizate.<\/p><ul><li><strong>Cookie-uri pentru func\u0163ionalitate:<\/strong><\/li><\/ul><p>Aceste cookie-uri permit unui site s\u0103 memoreze lucrurile alese de tine (cum ar fi numele de utilizator, limba sau \u0163ara \u00een care te afli) \u015fi ofer\u0103 op\u0163iuni \u00eembun\u0103t\u0103\u0163ite, mai personale. Aceste cookie-uri pot fi de asemenea utilizate pentru a furniza servicii pe care le-ai solicitat, cum ar fi vizionarea unui videoclip sau comentariul pe un blog. Informa\u0163iile utilizate de aceste cookie-uri sunt anonimizate \u015fi ele nu pot \u00eenregistra activit\u0103\u0163ile tale de navigare pe alte site-uri.<\/p><p>\u00a0<\/p><p>Folosim aceste cookie-uri pentru a:<\/p><ul><li>memora dac\u0103 ai beneficiat deja de un anumit serviciu<\/li><li>\u00eembun\u0103t\u0103\u0163i experien\u0163a \u00een general pe tot site-ul, memor\u00e2nd preferin\u0163ele tale.<\/li><\/ul><p>\u00a0<\/p><ul><li><strong>Cookie-uri pentru publicitate:<\/strong><\/li><\/ul><p>Aceste cookie-uri sunt utilizate pentru a limita de c\u00e2te ori vezi o reclam\u0103, precum \u015fi pentru a m\u0103sura impactul campaniilor publicitare.<\/p><p>Cookie-urile pentru publicitate sunt folosite pentru a gestiona publicitatea pe tot site-ul.<\/p><p>Cookie-urile pentru publicitate sunt plasate de ter\u0163e p\u0103r\u0163i, cum ar fi companiile de publicitate \u015fi agen\u0163ii lor, \u015fi pot fi cookie-uri permanente sau temporare. Pe scurt, ele sunt legate de serviciile de publicitate furnizate pe site-ul nostru de ter\u0163e p\u0103r\u0163i.<\/p><p>\u00a0<\/p><ul><li><strong>Cookie-uri pentru sociale:<\/strong><\/li><\/ul><p>\u2013 aceste cookies sunt folosite de retelele de socializare (Facebook, Twitter, Google+, YouTube, Instagram, Pinterest, etc) si permit distribuirea continutului de pe https:\/\/astralcliniklab.ro pe respectivele retele.\u00a0<strong>Astral Clinik Lab<\/strong>.ro nu controleaza aceste cookies, deci, pentru mai multe informatii despre cum functioneaza, te rugam sa verifici paginile retelelor de socializare.<\/p><p>Cum s\u0103 administrezi &amp; \u015ftergi cookie-uri<\/p><p>Dac\u0103 vrei s\u0103 impui restric\u0163ii, s\u0103 blochezi sau s\u0103 \u015ftergi fi\u015fiere cookie, po\u0163i s-o faci modific\u00e2nd set\u0103rile navigatorului t\u0103u de web. Utilizarea\u00a0https:\/\/astralcliniklab.ro\u00a0f\u0103r\u0103 respingerea cookie-urilor sau a tehnologiilor similare denot\u0103 consim\u0163\u0103m\u00e2ntul vizitatorilor pentru utilizarea de c\u0103tre noi a unor astfel de tehnologii \u015fi pentru prelucrarea informa\u0163iilor.<\/p><p>\u00a0<\/p><h1>Facturare \u0219i pl\u0103\u021bi<\/h1><p>\u00a0<\/p><p>Pre\u021bul, modalitatea de plat\u0103 \u0219i termenul de plat\u0103 sunt specificate \u00een Comand\u0103. V\u00e2nz\u0103torul va emite c\u0103tre Cump\u0103r\u0103tor o factur\u0103 pentru Bunurile livrate, obliga\u021bia Cump\u0103r\u0103torului fiind s\u0103 furnizeze toate informa\u021biile necesare emiterii facturii conform cu legisla\u021bia \u00een vigoare.<\/p><p>Pentru o corect\u0103 comunicare a facturii aferente Comenzii, Cump\u0103r\u0103torului \u00eei revin obliga\u021biile de a-\u0219i actualiza ori de c\u00e2te ori este cazul datele din Contul s\u0103u \u0219i de a accesa informa\u021biile \u0219i documentele aferente fiec\u0103rei Comenzi existente \u00een Cont.<\/p><p>Prin trimiterea Comenzii, Cump\u0103r\u0103torul \u00ee\u0219i exprim\u0103 acordul s\u0103 primeasc\u0103 facturile \u0219i \u00een format electronic prin intermediul po\u0219tei electronice, la adresa de e-mail men\u021bionat\u0103 \u00een Contul s\u0103u.<\/p><p>\u00a0<\/p><h1>Responsabilit\u0103\u021bi<\/h1><ul><li><strong>V\u00e2nz\u0103torul<\/strong>se oblig\u0103 s\u0103 expedieze Bunurile \u0219i Serviciile \u00een sistem de curierat door-to-door c\u0103tre Cump\u0103r\u0103tor.<\/li><li><strong>V\u00e2nz\u0103torul<\/strong>se elibereaz\u0103 de riscurile \u0219i responsabilit\u0103\u021bile asociate cu Bunurile \u0219i Serviciile \u00een momentul pred\u0103rii acestora c\u0103tre societatea de curierat intern cu care\u00a0<strong>V\u00e2nz\u0103torul<\/strong>\u00a0colaboreaz\u0103 sau c\u0103tre reprezentantul Cump\u0103r\u0103torului.<\/li><li><strong>V\u00e2nz\u0103torul<\/strong>va asigura ambalarea corespunz\u0103toare a Bunurilor \u0219i Serviciilor \u0219i va asigura transmiterea documentelor \u00eenso\u021bitoare.<\/li><li><strong>V\u00e2nz\u0103torul<\/strong>nu poate fi responsabil pentru daune de orice fel pe care Cump\u0103r\u0103torul sau oricare ter\u021b\u0103 parte o poate suferi ca rezultat al \u00eendeplinirii de c\u0103tre\u00a0<strong>V\u00e2nz\u0103tor<\/strong>\u00a0a oric\u0103rei din obliga\u021biile sale conform Comenzii \u0219i pentru daune care rezult\u0103 din utilizarea Bunurilor dup\u0103 livrare \u0219i \u00een special pentru pierderea produselor.\u00a0<strong>V\u00e2nz\u0103torul<\/strong>\u00a0va fi r\u0103spunz\u0103tor \u00een cazul \u00een care sub-contractan\u021bii \u0219i\/sau partenerii s\u0103i de orice fel implica\u021bi \u00een executarea Comenzii nu \u00eendeplinesc oricare din obliga\u021biile contractuale.<\/li><li><strong>V\u00e2nz\u0103torul<\/strong>nu \u00ee\u0219i asum\u0103 responsabilitatea pentru descrierile produselor prezentate pe site. Imaginile sunt prezentate pe site cu titlu de exemplu, iar produsele livrate pot diferi de imaginile \u0219i descrierile expuse pe site \u00een orice mod, datorit\u0103 modific\u0103rii caracteristicilor \u0219i design-ului f\u0103r\u0103 notificare prealabil\u0103.\u00a0<strong>V\u00e2nz\u0103torul<\/strong>\u00a0\u00ee\u0219i rezerv\u0103 dreptul s\u0103 completeze \u0219i s\u0103 modifice orice informa\u021bie de pe site f\u0103r\u0103 notificare prealabil\u0103.<\/li><li><strong>V\u00e2nz\u0103torul<\/strong>nu garanteaz\u0103 disponibilitatea \u00een stoc a produselor afi\u0219ate, motiv pentru care va avea dreptul de a nu livra par\u021bial sau integral o anumit\u0103 comand\u0103 \u00een cazul \u00een care anumite produse nu mai apar \u00een oferta curent\u0103 sau nu sunt disponibile.<\/li><li>\u00cen cazul \u00een care pre\u021burile sau alte detalii referitoare la produse au fost afi\u0219ate gre\u0219it, inclusiv din cauza faptului c\u0103 au fost introduse gre\u0219it \u00een baza de date,\u00a0<strong>V\u00e2nz\u0103torul<\/strong>\u00ee\u0219i aloc\u0103 dreptul de a anula livrarea respectivului produs \u0219i de a anun\u021ba clientul \u00een cel mai scurt timp despre eroarea aparut\u0103, dac\u0103 livrarea nu s-a efectuat \u00eenc\u0103.<\/li><li><strong>V\u00e2nz\u0103torul<\/strong>nu r\u0103spunde pentru prejudiciile create ca urmare a nefunc\u021bion\u0103rii site-ului precum \u0219i pentru cele rezult\u00e2nd din imposibilitatea acces\u0103rii anumitor link-uri publicate pe site.<\/li><li><strong>Valoarea<\/strong>maxim\u0103 a obliga\u021biilor\u00a0<strong>V\u00e2nz\u0103torului<\/strong>\u00a0fa\u021b\u0103 de orice client \u00een cazul nelivr\u0103rii sau livr\u0103rii necorespunz\u0103toare este valoarea sumelor \u00eencasate de V\u00e2nz\u0103tor de la clientul respectiv.<\/li><li>Produsele comercializate pe site sunt destinate utiliz\u0103rii personale, iar rev\u00e2nzarea acestora este strict interzis\u0103, conform Codului Fiscal.<\/li><\/ul><p>\u00a0<\/p><h1>Livrarea produselor<\/h1><p>\u00a0<\/p><p>Livrarea\u00a0<strong>nu<\/strong>\u00a0este gratuit\u0103 \u0219i se\u00a0face\u00a0prin\u00a0curier\u00a0rapid a\u0219a cum este descris\u0103 \u00een sec\u021biunea &#8220;Livr\u0103ri&#8221;.<\/p><p>Produsele\u00a0noastre\u00a0sunt\u00a0realizate\u00a0c\u00e2teodat\u0103 pe baz\u0103 de comand\u0103, ceea\u00a0ce\u00a0face\u00a0ca\u00a0durata\u00a0de\u00a0produc\u021bie \u0219i livrare\u00a0s\u0103\u00a0fie\u00a0de\u00a0p\u00e2n\u0103\u00a0la\u00a014 zile\u00a0lucr\u0103toare \u00eencep\u00e2nd cu ziua proces\u0103rii comenzii.<\/p><p>Comenzile sunt procesate c\u00e2t mai cur\u00e2nd dup\u0103 plasarea comenzii, \u00een intervalul Luni \u2013 Vineri 10:00-18:00. \u00cen cazul comenzilor plasate \u00een afara orelor de program (Luni \u2013 Vineri 10:00-18:00) sau \u00een weekend, acestea vor fi procesate \u00een prima zi lucr\u0103toare. De\u00a0s\u0103rb\u0103tori\u00a0\u0219i\u00a0\u00een\u00a0perioadele\u00a0de\u00a0reduceri, termenul\u00a0de\u00a0livrare\u00a0se\u00a0poate\u00a0prelungi.<\/p><p>Dac\u0103 pachetul nu poate fi livrat (destinatarul nu r\u0103spunde, adresa specificat\u0103 de dumneavoastr\u0103 este gre\u0219it\u0103 etc), ve\u021bi fi contactat telefonic de c\u0103tre curier. Dac\u0103 nu se poate lua contact cu destinatarul, coletele r\u0103m\u00e2n la curierul zonal 7 zile, dup\u0103 care revin la Expeditor.<\/p><p>Nu suntem r\u0103spunz\u0103tori pentru expedieri \u00eent\u00e2rziate, pierderea, distrugerea, deteriorarea, ne livrarea sau livrarea gre\u0219it\u0103 a unei expedieri sau a unei p\u0103r\u021bi din aceasta \u00een cazul \u00een care sunt generate de urm\u0103toarele situa\u021bii\/circumstan\u021be independente de voin\u021ba noastr\u0103, dar nelimit\u00e2ndu-se la acestea:<\/p><p>\u2013 blocaje rutiere (c\u0103deri de copaci, st\u00e2nci, coliziuni \u00een lan\u021b), surp\u0103ri de teren \u00een apropierea \u0219oselei;<\/p><p>\u2013 c\u0103deri de poduri, astup\u0103ri de tunele montane, deraierea trenurilor \u00een apropierea \u0219oselei, bloc\u0103ri naturale, greve neautorizate, revolte spontane regionale, condi\u021bii meteorologice nefavorabile bunei desf\u0103\u0219ur\u0103ri a itinerariului propus;<\/p><p>\u2013 cauze naturale: seisme, cataclisme, furtuni devastatoare, tornade, incendii naturale, inunda\u021bii, devers\u0103ri de fluvii, p\u0103r\u0103siri de albii etc;<\/p><p>\u2013 cauze umane: starea de r\u0103zboi, starea de asediu, etatizarea for\u021bat\u0103 (trecerea \u00een proprietatea statului), revolu\u021bii, revolte populare etc;<\/p><p>\u2013 nerespectarea comenzilor de c\u0103tre furnizori \u0219i ter\u021bi.<\/p><h1>\u00a0<\/h1><h1>\u00a0<\/h1><h1>Acceptarea<\/h1><p>Acceptarea va fi facut\u0103 atunci c\u00e2nd Bunurile sunt conforme cu caracteristicile tehnice men\u021bionate \u00een Comand\u0103. \u00cen cazul \u00een care Cump\u0103r\u0103torul descoper\u0103 c\u0103 Produsele livrate nu sunt conforme specifica\u021biilor tehnice, atunci V\u00e2nz\u0103torul va aduce la conformitate Produsele. De asemenea, pentru produsele v\u00e2ndute \u0219i livrate de\u00a0<strong>Astral Clinik Lab<\/strong>, Cump\u0103r\u0103torul beneficiaz\u0103 de returul produselor \u00een 14 zile.<\/p><p>\u00a0<\/p><h1>Transferul propriet\u0103\u021bii<\/h1><p>Proprietatea asupra Bunurilor va fi transferat\u0103 la livrare, dup\u0103 efectuarea pl\u0103\u021bii din partea\u00a0<strong>Cump\u0103r\u0103torului<\/strong>\u00a0\u00een loca\u021bia indicat\u0103 \u00een comand\u0103 (\u00eenteleg\u00e2nd prin livrare \u2013 semnarea de primire a documentului de transport furnizat de curier sau semnarea de primire pe factura fiscal\u0103 \u00een cazul livr\u0103rilor efectuate de personalul\u00a0<strong>V\u00e2nz\u0103torului<\/strong>). \u00cen cazul livr\u0103rii prin curier, acesta nu este autorizat de c\u0103tre\u00a0<strong>V\u00e2nz\u0103tor<\/strong>\u00a0s\u0103 permit\u0103\u00a0<strong>Cump\u0103r\u0103torului<\/strong>\u00a0deschiderea coletelor \u00eenainte de semnarea de livrare, ci doar ulterior semn\u0103rii de livrare \u0219i achit\u0103rii eventualei contravalori a acestora.<\/p><p>\u00a0<\/p><h1>Returnarea produselor<\/h1><p>Cump\u0103r\u0103torul poate solicita returnarea produselor \u00een urm\u0103toarele situa\u021bii:<\/p><p>Coletele prezint\u0103 deterior\u0103ri severe;<\/p><p>Produsele au fost livrate \/ facturate gre\u0219it. Livrarea altor produse dec\u00e2t cele solicitate trebuie semnalat\u0103 imediat. Cump\u0103r\u0103torul poate solicita returnarea acestuia pentru \u00eenlocuire, iar dac\u0103 produsul nu mai este pe stoc, poate opta pentru \u00eenlocuire sau rambursarea integral\u0103 a contravalorii. Daca se agreeaz\u0103 \u00eenlocuirea cu un produs de o valoare mai mare, va pl\u0103ti diferen\u021ba, respectiv dac\u0103 valoarea este mai mic\u0103, va primi o rambursare par\u021bial\u0103 p\u00e2n\u0103 la valoarea produsului \u00eenlocuitor. Costurile de retur \u0219i de transport pentru produsul \u00eenlocuitor, dac\u0103 este cazul, sunt suportate de client.<\/p><p>Produsele prezint\u0103 defecte de fabrica\u021bie;<\/p><p>Cump\u0103r\u0103torul are dreptul s\u0103 notifice \u00een scris V\u00e2nz\u0103torului c\u0103 renun\u021ba la cump\u0103rare, f\u0103r\u0103 penalit\u0103\u021bi \u015fi f\u0103r\u0103 invocarea unui motiv, \u00een termen de 14 zile de la primirea produsului. De asemenea, \u00een conformitate cu art. 7 alin. 1 din O.G. 130\/2000, Cump\u0103r\u0103torul are dreptul de a denun\u021ba unilateral contractul la distan\u021b\u0103, \u00een scris, \u00een termen de 14 zile de la data primirii produsului\/produselor, f\u0103r\u0103 penalit\u0103\u021bi \u0219i f\u0103r\u0103 invocarea vreunui motiv. \u00cen acest caz, cheltuielile directe de returnare a produselor vor c\u0103dea, conform legii, \u00een sarcina Cump\u0103r\u0103torului.<\/p><p>Produsele trebuie s\u0103 fie returnate \u00een ambalajul original, cu factura ata\u0219at\u0103, s\u0103 nu prezinte urme de uzur\u0103 fizic\u0103 sau deteriorare.<\/p><p>Produsele personalizate nu pot fi returnate. V\u0103 rug\u0103m s\u0103 ave\u021bi \u00een vedere c\u0103 aceste produse sunt create dup\u0103 configura\u021biile specificate de dumneavoastr\u0103, deci nu pot fi schimbate sau returnate.<\/p><p>Dac\u0103 se agreeaz\u0103 \u00eenlocuirea cu un produs de o valoare mai mare, Cump\u0103r\u0103torul va pl\u0103ti diferen\u021ba, respectiv dac\u0103 valoarea este mai mic\u0103, va primi o rambursare par\u021bial\u0103 p\u00e2n\u0103 la valoarea produsului \u00eenlocuitor. Costurile de retur \u0219i de transport pentru produsul \u00eenlocuitor, dac\u0103 este cazul, sunt suportate de Cump\u0103r\u0103tor. \u00cen cazul \u00een care produsele a c\u0103ror returnare se solicit\u0103 prezint\u0103 ambalaje deteriorate sau incomplete, urme de uzur\u0103, zg\u00e2rieturi, lovituri, ne rezerv\u0103m dreptul de a decide acceptarea returului sau de a opri o sum\u0103, suma ce va fi comunicat\u0103 dup\u0103 evaluarea prejudiciilor aduse.<\/p><p>\u00cen cazul exercit\u0103rii dreptului legal de returnare a produsului, rambursarea contravalorii acestuia se va face prin virament bancar \u00een contul indicat de Cump\u0103r\u0103tor \u00een cel mult 14 de zile de la primirea produsului returnat.<\/p>\t\t\t\t\t\t\t\t<\/div>\n\t\t\t\t<\/div>\n\t\t\t\t\t<\/div>\n\t\t<\/div>\n\t\t\t\t\t<\/div>\n\t\t<\/section>\n\t\t\t\t<\/div>\n\t\t","protected":false},"excerpt":{"rendered":"<p>Politica de cookie-uri \u00a0 Un cookie este un fi\u015fier text care con\u0163ine mici fragmente de informa\u0163ii trimise navigatorului t\u0103u \u015fi memorate \u00een computerul, telefonul t\u0103u mobil sau alt dispozitiv, atunci c\u00e2nd vizitezi un site. Acest fi\u015fier cookie trimite informa\u0163ii \u00eenapoi c\u0103tre site ori de c\u00e2te ori \u00eel revizitezi. Cookie-urile pot fi\u00a0permanente\u00a0(cunoscute drept cookie-uri persistente), care [&hellip;]<\/p>\n","protected":false},"author":1,"featured_media":0,"parent":0,"menu_order":0,"comment_status":"closed","ping_status":"closed","template":"elementor_header_footer","meta":{"footnotes":""},"class_list":["post-1473","page","type-page","status-publish","hentry"],"_links":{"self":[{"href":"https:\/\/astralcliniklab.ro\/index.php\/wp-json\/wp\/v2\/pages\/1473","targetHints":{"allow":["GET"]}}],"collection":[{"href":"https:\/\/astralcliniklab.ro\/index.php\/wp-json\/wp\/v2\/pages"}],"about":[{"href":"https:\/\/astralcliniklab.ro\/index.php\/wp-json\/wp\/v2\/types\/page"}],"author":[{"embeddable":true,"href":"https:\/\/astralcliniklab.ro\/index.php\/wp-json\/wp\/v2\/users\/1"}],"replies":[{"embeddable":true,"href":"https:\/\/astralcliniklab.ro\/index.php\/wp-json\/wp\/v2\/comments?post=1473"}],"version-history":[{"count":4,"href":"https:\/\/astralcliniklab.ro\/index.php\/wp-json\/wp\/v2\/pages\/1473\/revisions"}],"predecessor-version":[{"id":1478,"href":"https:\/\/astralcliniklab.ro\/index.php\/wp-json\/wp\/v2\/pages\/1473\/revisions\/1478"}],"wp:attachment":[{"href":"https:\/\/astralcliniklab.ro\/index.php\/wp-json\/wp\/v2\/media?parent=1473"}],"curies":[{"name":"wp","href":"https:\/\/api.w.org\/{rel}","templated":true}]}}